{"id":2173,"date":"2019-12-13T11:55:21","date_gmt":"2019-12-13T10:55:21","guid":{"rendered":"https:\/\/www.promobility.it\/?page_id=2173"},"modified":"2019-12-13T11:55:21","modified_gmt":"2019-12-13T10:55:21","slug":"lightfloor","status":"publish","type":"page","link":"https:\/\/autonomy.promobility.it\/index.php\/lightfloor\/","title":{"rendered":"LIGHTFLOOR"},"content":{"rendered":"<p><div class=\"fusion-fullwidth fullwidth-box fusion-builder-row-1 nonhundred-percent-fullwidth non-hundred-percent-height-scrolling\"  style='background-color: rgba(255,255,255,0);background-position: center center;background-repeat: no-repeat;padding-top:0px;padding-right:0px;padding-bottom:0px;padding-left:0px;'><div class=\"fusion-builder-row fusion-row \"><div  class=\"fusion-layout-column fusion_builder_column fusion_builder_column_1_1 fusion-builder-column-0 fusion-one-full fusion-column-first fusion-column-last 1_1\"  style='margin-top:0px;margin-bottom:20px;'><div class=\"fusion-column-wrapper\" style=\"padding: 0px 0px 0px 0px;background-position:left top;background-repeat:no-repeat;-webkit-background-size:cover;-moz-background-size:cover;-o-background-size:cover;background-size:cover;\"   data-bg-url=\"\"><style type=\"text\/css\"><\/style><div class=\"fusion-title title fusion-title-1 fusion-title-text fusion-title-size-two\" style=\"margin-top:0px;margin-bottom:31px;\"><h2 class=\"title-heading-left\" style=\"margin:0;\">LIGHTFLOOR<\/h2><div class=\"title-sep-container\"><div class=\"title-sep sep-double sep-solid\" style=\"border-color:#e0dede;\"><\/div><\/div><\/div><div class=\"imageframe-align-center\"><span style=\"width:100%;max-width:100%;\" class=\"fusion-imageframe imageframe-none imageframe-1 hover-type-none\"><img loading=\"lazy\" decoding=\"async\" src=\"https:\/\/autonomy.promobility.it\/wp-content\/uploads\/2019\/12\/lightt-floor01.jpg\" width=\"829\" height=\"522\" alt=\"\" title=\"lightt-floor01\" class=\"img-responsive wp-image-2174\" srcset=\"https:\/\/autonomy.promobility.it\/wp-content\/uploads\/2019\/12\/lightt-floor01-200x126.jpg 200w, https:\/\/autonomy.promobility.it\/wp-content\/uploads\/2019\/12\/lightt-floor01-400x252.jpg 400w, https:\/\/autonomy.promobility.it\/wp-content\/uploads\/2019\/12\/lightt-floor01-600x378.jpg 600w, https:\/\/autonomy.promobility.it\/wp-content\/uploads\/2019\/12\/lightt-floor01-800x504.jpg 800w, https:\/\/autonomy.promobility.it\/wp-content\/uploads\/2019\/12\/lightt-floor01.jpg 829w\" sizes=\"auto, (max-width: 800px) 100vw, 829px\" \/><\/span><\/div><div class=\"fusion-sep-clear\"><\/div><div class=\"fusion-separator fusion-full-width-sep sep-double\" style=\"border-color:#ed6200;border-top-width:0px;border-bottom-width:0px;margin-left: auto;margin-right: auto;margin-top:;margin-bottom:100px;\"><\/div><div class=\"fusion-text\"><p>Durevole e non corrosivo, la nuova proposta allestimento L-Floor by Orion Promobility \u00e8 formata dal nuovo pianale omologato M1 composto dall\u2019unione fra compensato e schiuma XPS. Due materiali uniti tra loro per creare un piano di carico per trasporto leggero, silenzioso e resistente. Il pianale L-Floor \u00e8 estremamente leggero e pesa 93 kg in totale, grazie ai suoi componenti leggeri, il nuovo pavimento installato da Promobility aiuta a ridurre le emissioni di carbonio dei mezzi da trasporto che precedentemente trasportavano soluzioni di pavimenti densi e pesanti. Il pavimento L-Floor \u00e8 conforme a tutti i requisiti di sicurezza europei, le guide sono estraibili e i sedili M1 offrono un alto grado di flessibilit\u00e0 nella scelta della conformazione di allestimento pi\u00f9 utile al cliente. Pi\u00f9 leggero del 50% rispetto ad un pavimento in alluminio e pi\u00f9 leggero del 30% rispetto ad un compensato tradizionale. La schiuma XPS ha un effetto isolante e riduce rumori e vibrazioni all\u2019interno del veicolo.<\/p>\n<p>La missione di Orion Promobility non \u00e8 soltanto quella di migliorare le soluzioni per il trasporto delle persone in carrozzina, ma anche quella di ricercare nuove soluzioni di allestimento in grado di ridurre le emissioni inquinanti dei veicoli per tutelare l\u2019ambiente e le persone che ci circondano. Il pavimento L-Floor riduce il peso del veicolo, rispetto alle soluzioni di trasporto classiche in alluminio, questo risultato si traduce con veicoli pi\u00f9 leggeri, maggiore facilit\u00e0 nella tenuta di strada e nella guida, ma anche riduzione delle emissioni dannose, sempre nella piena sicurezza delle persone a bordo e rispetto delle normative europee.<\/p>\n<\/div><div class=\"fusion-text\"><p><strong>CARATTERISTICHE<\/strong>:<\/p>\n<ul>\n<li>Omologato M1 e ha superato tutti i test omologativi di sicurezza EU<\/li>\n<li>Tutti i binari sono completamente universali in termini di fissaggi dei sedili e sistemi di ritenuta delle sedie a rotelle, per cui \u00e8 garantita la totale flessibilit\u00e0.<\/li>\n<li>Testato ECE R14.07- standard in tutti i modelli di veicoli<\/li>\n<li>50% pi\u00f9 leggero rispetto al corrispondente in alluminio<\/li>\n<li>Il vinile che ricopre il pavimento viene applicato sotto pressione del vuoto che garantisce una lunga durata, senza bolle, meno tempi di fermo del veicolo e un sistema di pavimentazione complessivamente pi\u00f9 affidabile.<\/li>\n<li>30% pi\u00f9 leggero rispetto al compensato tradizionale<\/li>\n<li>La schiuma XPS riduce il rumore e le vibrazioni. Soprattutto rispetto ai profili cavi in alluminio, ed \u00e8 isolante.<\/li>\n<\/ul>\n<\/div><div class=\"fusion-image-carousel fusion-image-carousel-auto\"><div class=\"fusion-carousel\" data-autoplay=\"no\" data-columns=\"2\" data-itemmargin=\"13\" data-itemwidth=\"180\" data-touchscroll=\"no\" data-imagesize=\"auto\"><div class=\"fusion-carousel-positioner\"><ul class=\"fusion-carousel-holder\"><li class=\"fusion-carousel-item\"><div class=\"fusion-carousel-item-wrapper\"><div class=\"fusion-image-wrapper hover-type-none\"><img loading=\"lazy\" decoding=\"async\" width=\"493\" height=\"460\" src=\"https:\/\/autonomy.promobility.it\/wp-content\/uploads\/2019\/12\/lightt-floor02.jpg\" class=\"attachment-full size-full\" alt=\"\" srcset=\"https:\/\/autonomy.promobility.it\/wp-content\/uploads\/2019\/12\/lightt-floor02-200x187.jpg 200w, https:\/\/autonomy.promobility.it\/wp-content\/uploads\/2019\/12\/lightt-floor02-400x373.jpg 400w, https:\/\/autonomy.promobility.it\/wp-content\/uploads\/2019\/12\/lightt-floor02.jpg 493w\" sizes=\"auto, (min-width: 2200px) 100vw, (min-width: 712px) 544px, (min-width: 640px) 712px, \" \/><\/div><\/div><\/li><li class=\"fusion-carousel-item\"><div class=\"fusion-carousel-item-wrapper\"><div class=\"fusion-image-wrapper hover-type-none\"><img loading=\"lazy\" decoding=\"async\" width=\"972\" height=\"610\" src=\"https:\/\/autonomy.promobility.it\/wp-content\/uploads\/2019\/12\/lightt-floor04.jpg\" class=\"attachment-full size-full\" alt=\"\" srcset=\"https:\/\/autonomy.promobility.it\/wp-content\/uploads\/2019\/12\/lightt-floor04-200x126.jpg 200w, https:\/\/autonomy.promobility.it\/wp-content\/uploads\/2019\/12\/lightt-floor04-400x251.jpg 400w, https:\/\/autonomy.promobility.it\/wp-content\/uploads\/2019\/12\/lightt-floor04-600x377.jpg 600w, https:\/\/autonomy.promobility.it\/wp-content\/uploads\/2019\/12\/lightt-floor04-800x502.jpg 800w, https:\/\/autonomy.promobility.it\/wp-content\/uploads\/2019\/12\/lightt-floor04.jpg 972w\" sizes=\"auto, (min-width: 2200px) 100vw, (min-width: 712px) 544px, (min-width: 640px) 712px, \" \/><\/div><\/div><\/li><\/ul><\/div><\/div><\/div><div class=\"fusion-text\"><p><strong>BENEFICI<\/strong><\/p>\n<ul>\n<li>Flessibilit\u00e0: non essendo un pavimento basato su profilo, le guide singole e doppie possono essere posizionate in una variet\u00e0 di posizioni<\/li>\n<li>Isolamento: con l&#8217;anima a base di schiuma XPS della piastra del pavimento, avrai un pavimento isolato per mantenere una temperatura costante all&#8217;interno della cabina passeggeri<\/li>\n<li>Tempo di installazione: poich\u00e9 il pavimento viene personalizzato per qualsiasi veicolo, con il vinile gi\u00e0 attaccato, i tempi di installazione sono ridotti al minimo<\/li>\n<li>Antiscivolo: il vinile Hybrid Floor \u00e8 montato in una pressa a vuoto, quindi non si allenter\u00e0 mai<\/li>\n<li>Sicurezza: testato secondo i requisiti M1 R14.07<\/li>\n<li>Guide fissate a pavimento rimovibili<\/li>\n<\/ul>\n<\/div><div class=\"fusion-recent-posts fusion-recent-posts-1 avada-container layout-default layout-columns-3\"><section class=\"fusion-columns columns fusion-columns-3 columns-3\"><article class=\"post fusion-column column col col-lg-4 col-md-4 col-sm-4\"><div class=\"fusion-flexslider fusion-flexslider-loading flexslider flexslider-hover-type-none\"><ul class=\"slides\"><li><a href=\"https:\/\/autonomy.promobility.it\/index.php\/2019\/12\/16\/fiat-ducato-con-pedana-elettrica\/\" aria-label=\"FIAT &#8211; Ducato con pedana elettrica\" class=\"hover-type-none\"><img loading=\"lazy\" decoding=\"async\" width=\"700\" height=\"441\" src=\"https:\/\/autonomy.promobility.it\/wp-content\/uploads\/2019\/12\/Ducato-pedana_elettrica-700x441.jpg\" class=\"attachment-recent-posts size-recent-posts\" alt=\"\" srcset=\"https:\/\/autonomy.promobility.it\/wp-content\/uploads\/2019\/12\/Ducato-pedana_elettrica-320x202.jpg 320w, https:\/\/autonomy.promobility.it\/wp-content\/uploads\/2019\/12\/Ducato-pedana_elettrica-700x441.jpg 700w\" sizes=\"auto, (max-width: 700px) 100vw, 700px\" \/><\/a><\/li><\/ul><\/div><div class=\"recent-posts-content\"><span class=\"vcard\" style=\"display: none;\"><span class=\"fn\"><a href=\"https:\/\/autonomy.promobility.it\/index.php\/author\/autonomy-orion-promobility\/\" title=\"Articoli scritti da autonomy-orion-promobility\" rel=\"author\">autonomy-orion-promobility<\/a><\/span><\/span><span class=\"updated\" style=\"display:none;\">2019-12-16T17:55:11+01:00<\/span><h4 class=\"entry-title\"><a href=\"https:\/\/autonomy.promobility.it\/index.php\/2019\/12\/16\/fiat-ducato-con-pedana-elettrica\/\">FIAT &#8211; Ducato con pedana elettrica<\/a><\/h4><p class=\"meta\"><span class=\"vcard\" style=\"display: none;\"><span class=\"fn\"><a href=\"https:\/\/autonomy.promobility.it\/index.php\/author\/autonomy-orion-promobility\/\" title=\"Articoli scritti da autonomy-orion-promobility\" rel=\"author\">autonomy-orion-promobility<\/a><\/span><\/span><span class=\"updated\" style=\"display:none;\">2019-12-16T17:55:11+01:00<\/span><span>Dicembre 16th, 2019<\/span><span class=\"fusion-inline-sep\">|<\/span><span class=\"fusion-comments\"><span>Commenti disabilitati<span class=\"screen-reader-text\"> su FIAT &#8211; Ducato con pedana elettrica<\/span><\/span><\/span><\/p><p>    Veicolo principe della gamma Fiat professional, Il nuovo Fiat Ducato pu\u00f2 essere subito descritto come performante, spazioso e sicuro. Giunto oramai alla sua terza generazione di produzione, \u00e8 in assoluto uno [...]<\/p><\/div><\/article><\/section><\/div><div class=\"fusion-clearfix\"><\/div><\/div><\/div><\/div><\/div><div class=\"fusion-fullwidth fullwidth-box fusion-builder-row-2 nonhundred-percent-fullwidth non-hundred-percent-height-scrolling\"  style='background-color: rgba(255,255,255,0);background-position: center center;background-repeat: no-repeat;padding-top:0px;padding-right:0px;padding-bottom:0px;padding-left:0px;'><div class=\"fusion-builder-row fusion-row \"><div  class=\"fusion-layout-column fusion_builder_column fusion_builder_column_1_1 fusion-builder-column-1 fusion-one-full fusion-column-first fusion-column-last 1_1\"  style='margin-top:0px;margin-bottom:20px;width:100%'><div class=\"fusion-column-wrapper\" style=\"padding: 0px 0px 0px 0px;background-position:left top;background-repeat:no-repeat;-webkit-background-size:cover;-moz-background-size:cover;-o-background-size:cover;background-size:cover;\"   data-bg-url=\"\"><div class=\"fusion-sep-clear\"><\/div><div class=\"fusion-separator fusion-full-width-sep sep-double\" style=\"border-color:#ed6200;border-top-width:1px;border-bottom-width:1px;margin-left: auto;margin-right: auto;margin-top:100px;margin-bottom:100px;\"><\/div><div class=\"fusion-clearfix\"><\/div><\/div><\/div><\/div><\/div><div class=\"fusion-fullwidth fullwidth-box fusion-builder-row-3 nonhundred-percent-fullwidth non-hundred-percent-height-scrolling\"  style='background-color: rgba(255,255,255,0);background-position: center center;background-repeat: no-repeat;padding-top:0px;padding-right:0px;padding-bottom:0px;padding-left:0px;'><div class=\"fusion-builder-row fusion-row \"><div  class=\"fusion-layout-column fusion_builder_column fusion_builder_column_1_2 fusion-builder-column-2 fusion-one-half fusion-column-first 1_2\"  style='margin-top:0px;margin-bottom:20px;width:48%; margin-right: 4%;'><div class=\"fusion-column-wrapper\" style=\"padding: 0px 0px 0px 0px;background-position:left top;background-repeat:no-repeat;-webkit-background-size:cover;-moz-background-size:cover;-o-background-size:cover;background-size:cover;\"   data-bg-url=\"\"><style type=\"text\/css\"><\/style><div class=\"fusion-title title fusion-title-2 fusion-title-text fusion-title-size-two\" style=\"margin-top:0px;margin-bottom:31px;\"><h2 class=\"title-heading-left\" style=\"margin:0;\">ACCESSORI<\/h2><div class=\"title-sep-container\"><div class=\"title-sep sep-double sep-solid\" style=\"border-color:#e0dede;\"><\/div><\/div><\/div><span class=\"fusion-imageframe imageframe-none imageframe-2 hover-type-none\"><img loading=\"lazy\" decoding=\"async\" src=\"https:\/\/autonomy.promobility.it\/wp-content\/uploads\/2019\/12\/accessori-lightfloor.jpg\" width=\"429\" height=\"466\" alt=\"\" title=\"accessori-lightfloor\" class=\"img-responsive wp-image-2210\" srcset=\"https:\/\/autonomy.promobility.it\/wp-content\/uploads\/2019\/12\/accessori-lightfloor-200x217.jpg 200w, https:\/\/autonomy.promobility.it\/wp-content\/uploads\/2019\/12\/accessori-lightfloor-400x434.jpg 400w, https:\/\/autonomy.promobility.it\/wp-content\/uploads\/2019\/12\/accessori-lightfloor.jpg 429w\" sizes=\"auto, (max-width: 800px) 100vw, 429px\" \/><\/span><div class=\"fusion-clearfix\"><\/div><\/div><\/div><div  class=\"fusion-layout-column fusion_builder_column fusion_builder_column_1_2 fusion-builder-column-3 fusion-one-half fusion-column-last 1_2\"  style='margin-top:0px;margin-bottom:20px;width:48%'><div class=\"fusion-column-wrapper\" style=\"padding: 0px 0px 0px 0px;background-position:left top;background-repeat:no-repeat;-webkit-background-size:cover;-moz-background-size:cover;-o-background-size:cover;background-size:cover;\"   data-bg-url=\"\"><div class=\"fusion-text\"><div>\n<ul>\n<li>Testati e omologati M1 ORION Promobility<\/li>\n<li>Ordinabili fissi a sgancio rapido oppure pieghevoli e girevoli<\/li>\n<li>Massimo comfort grazie allo schienale recrinabile<\/li>\n<li>Design accattivante e cura nei minimi dettagli<\/li>\n<li>Tappezzeria su misura<\/li>\n<li>Cuciture logo personalizzati<\/li>\n<li>Varie opzioni di accessori<\/li>\n<li>Sgancio rapido con ruote opzionabili per agevolare lo spostamento<\/li>\n<li>3 oppure 4 punti di aggancio<\/li>\n<li>Base piramide per sedile girevole dx-sx-centro<\/li>\n<li>Braccioli disponibili<\/li>\n<li>Sostegno lombare<\/li>\n<li>Varie opzioni disponibili<\/li>\n<\/ul>\n<\/div>\n<\/div><div class=\"fusion-clearfix\"><\/div><\/div><\/div><\/div><\/div><\/p>\n","protected":false},"excerpt":{"rendered":"","protected":false},"author":1,"featured_media":0,"parent":0,"menu_order":0,"comment_status":"closed","ping_status":"closed","template":"","meta":{"footnotes":""},"class_list":["post-2173","page","type-page","status-publish","hentry"],"_links":{"self":[{"href":"https:\/\/autonomy.promobility.it\/index.php\/wp-json\/wp\/v2\/pages\/2173","targetHints":{"allow":["GET"]}}],"collection":[{"href":"https:\/\/autonomy.promobility.it\/index.php\/wp-json\/wp\/v2\/pages"}],"about":[{"href":"https:\/\/autonomy.promobility.it\/index.php\/wp-json\/wp\/v2\/types\/page"}],"author":[{"embeddable":true,"href":"https:\/\/autonomy.promobility.it\/index.php\/wp-json\/wp\/v2\/users\/1"}],"replies":[{"embeddable":true,"href":"https:\/\/autonomy.promobility.it\/index.php\/wp-json\/wp\/v2\/comments?post=2173"}],"version-history":[{"count":0,"href":"https:\/\/autonomy.promobility.it\/index.php\/wp-json\/wp\/v2\/pages\/2173\/revisions"}],"wp:attachment":[{"href":"https:\/\/autonomy.promobility.it\/index.php\/wp-json\/wp\/v2\/media?parent=2173"}],"curies":[{"name":"wp","href":"https:\/\/api.w.org\/{rel}","templated":true}]}}